{"id":732,"date":"2025-03-05T17:42:25","date_gmt":"2025-03-05T17:42:25","guid":{"rendered":"https:\/\/www.islaair.com\/aviso-legal-y-condiciones-de-uso-de-contenidos\/"},"modified":"2025-03-07T14:43:43","modified_gmt":"2025-03-07T14:43:43","slug":"avis-legal","status":"publish","type":"page","link":"https:\/\/www.islaair.com\/ca\/avis-legal\/","title":{"rendered":"Av\u00eds Legal"},"content":{"rendered":"\t\t<div data-elementor-type=\"wp-page\" data-elementor-id=\"732\" class=\"elementor elementor-732 elementor-718\" data-elementor-post-type=\"page\">\n\t\t\t\t<div class=\"elementor-element elementor-element-4cd2120 e-flex e-con-boxed e-con e-parent\" data-id=\"4cd2120\" data-element_type=\"container\" data-settings=\"{&quot;background_background&quot;:&quot;classic&quot;}\">\n\t\t\t\t\t<div class=\"e-con-inner\">\n\t\t\t\t\t<\/div>\n\t\t\t\t<\/div>\n\t\t<div class=\"elementor-element elementor-element-1b3b8e5a e-flex e-con-boxed e-con e-parent\" data-id=\"1b3b8e5a\" data-element_type=\"container\">\n\t\t\t\t\t<div class=\"e-con-inner\">\n\t\t\t\t<div class=\"elementor-element elementor-element-6e769df7 elementor-widget elementor-widget-text-editor\" data-id=\"6e769df7\" data-element_type=\"widget\" data-widget_type=\"text-editor.default\">\n\t\t\t\t<div class=\"elementor-widget-container\">\n\t\t\t\t\t\t\t\t\t<p>Tot el contingut audiovisual (imatges, v\u00eddeos, gr\u00e0fics i qualsevol altre material multim\u00e8dia) publicat en aquest lloc web \u00e9s propietat d&#8217;Isla Air Express SL o ha estat llicenciat per a \u00fas exclusiu en aquest lloc.<\/p>\n<p>Els usuaris tenen prohibit copiar, distribuir, modificar o utilitzar qualsevol imatge o v\u00eddeo sense la deguda menci\u00f3 de la font. En cas d&#8217;utilitzar qualsevol contingut d&#8217;aquest lloc web en mitjans digitals o f\u00edsics, caldr\u00e0 incloure de manera visible i llegible la seg\u00fcent atribuci\u00f3: &#8220;Font: Isla Air Express SL &#8211; www.islaair.com&#8221; <\/p>\n<p>L&#8217;incompliment d&#8217;aquesta condici\u00f3 pot donar lloc a reclamacions legals d&#8217;acord amb la legislaci\u00f3 de propietat intel\u00b7lectual vigent.<\/p>\n<p>Si necessiteu una autoritzaci\u00f3 especial per a l&#8217;\u00fas de contingut sense atribuci\u00f3 o amb finalitats comercials, podeu contactar amb nosaltres a info@islaair.com<\/p>\n\t\t\t\t\t\t\t\t<\/div>\n\t\t\t\t<\/div>\n\t\t\t\t\t<\/div>\n\t\t\t\t<\/div>\n\t\t\t\t<\/div>\n\t\t","protected":false},"excerpt":{"rendered":"<p>Tot el contingut audiovisual (imatges, v\u00eddeos, gr\u00e0fics i qualsevol altre material multim\u00e8dia) publicat en aquest lloc web \u00e9s propietat d&#8217;Isla Air Express SL o ha estat llicenciat per a \u00fas exclusiu en aquest lloc. Els usuaris tenen prohibit copiar, distribuir, modificar o utilitzar qualsevol imatge o v\u00eddeo sense la deguda menci\u00f3 de la font. En [&hellip;]<\/p>\n","protected":false},"author":2,"featured_media":0,"parent":0,"menu_order":0,"comment_status":"closed","ping_status":"closed","template":"","meta":{"footnotes":""},"class_list":["post-732","page","type-page","status-publish","hentry"],"_links":{"self":[{"href":"https:\/\/www.islaair.com\/ca\/wp-json\/wp\/v2\/pages\/732","targetHints":{"allow":["GET"]}}],"collection":[{"href":"https:\/\/www.islaair.com\/ca\/wp-json\/wp\/v2\/pages"}],"about":[{"href":"https:\/\/www.islaair.com\/ca\/wp-json\/wp\/v2\/types\/page"}],"author":[{"embeddable":true,"href":"https:\/\/www.islaair.com\/ca\/wp-json\/wp\/v2\/users\/2"}],"replies":[{"embeddable":true,"href":"https:\/\/www.islaair.com\/ca\/wp-json\/wp\/v2\/comments?post=732"}],"version-history":[{"count":3,"href":"https:\/\/www.islaair.com\/ca\/wp-json\/wp\/v2\/pages\/732\/revisions"}],"predecessor-version":[{"id":775,"href":"https:\/\/www.islaair.com\/ca\/wp-json\/wp\/v2\/pages\/732\/revisions\/775"}],"wp:attachment":[{"href":"https:\/\/www.islaair.com\/ca\/wp-json\/wp\/v2\/media?parent=732"}],"curies":[{"name":"wp","href":"https:\/\/api.w.org\/{rel}","templated":true}]}}