{"id":734,"date":"2025-03-05T17:42:25","date_gmt":"2025-03-05T17:42:25","guid":{"rendered":"https:\/\/www.islaair.com\/aviso-legal-y-condiciones-de-uso-de-contenidos\/"},"modified":"2025-03-07T14:45:32","modified_gmt":"2025-03-07T14:45:32","slug":"rechtlicher-hinweis","status":"publish","type":"page","link":"https:\/\/www.islaair.com\/de\/rechtlicher-hinweis\/","title":{"rendered":"Rechtlicher Hinweis"},"content":{"rendered":"\t\t<div data-elementor-type=\"wp-page\" data-elementor-id=\"734\" class=\"elementor elementor-734 elementor-718\" data-elementor-post-type=\"page\">\n\t\t\t\t<div class=\"elementor-element elementor-element-4cd2120 e-flex e-con-boxed e-con e-parent\" data-id=\"4cd2120\" data-element_type=\"container\" data-settings=\"{&quot;background_background&quot;:&quot;classic&quot;}\">\n\t\t\t\t\t<div class=\"e-con-inner\">\n\t\t\t\t\t<\/div>\n\t\t\t\t<\/div>\n\t\t<div class=\"elementor-element elementor-element-1b3b8e5a e-flex e-con-boxed e-con e-parent\" data-id=\"1b3b8e5a\" data-element_type=\"container\">\n\t\t\t\t\t<div class=\"e-con-inner\">\n\t\t\t\t<div class=\"elementor-element elementor-element-6e769df7 elementor-widget elementor-widget-text-editor\" data-id=\"6e769df7\" data-element_type=\"widget\" data-widget_type=\"text-editor.default\">\n\t\t\t\t<div class=\"elementor-widget-container\">\n\t\t\t\t\t\t\t\t\t<p>Alle audiovisuellen Inhalte (Bilder, Videos, Grafiken und sonstiges multimediales Material), die auf dieser Website ver\u00f6ffentlicht werden, sind Eigentum von Isla Air Express S. L. oder wurden zur ausschlie\u00dflichen Nutzung auf dieser Website lizenziert.<\/p>\n<p>Den Nutzern ist es untersagt, Bilder oder Videos ohne ordnungsgem\u00e4\u00dfe Angabe der Quelle zu kopieren, zu verbreiten, zu ver\u00e4ndern oder zu verwenden. Bei der Verwendung von Inhalten dieser Website in digitalen oder physischen Medien muss die folgende Quellenangabe sichtbar und lesbar angebracht werden: \u201eQuelle: Isla Air Express S. L. &#8211; www.islaair.com\u201c <\/p>\n<p>Die Nichteinhaltung dieser Bedingung kann zu rechtlichen Anspr\u00fcchen nach dem geltenden Recht des geistigen Eigentums f\u00fchren.<\/p>\n<p>Wenn Sie eine Sondergenehmigung f\u00fcr die Verwendung von Inhalten ohne Namensnennung oder f\u00fcr kommerzielle Zwecke ben\u00f6tigen, k\u00f6nnen Sie uns unter info@islaair.com kontaktieren.<\/p>\n\t\t\t\t\t\t\t\t<\/div>\n\t\t\t\t<\/div>\n\t\t\t\t\t<\/div>\n\t\t\t\t<\/div>\n\t\t\t\t<\/div>\n\t\t","protected":false},"excerpt":{"rendered":"<p>Alle audiovisuellen Inhalte (Bilder, Videos, Grafiken und sonstiges multimediales Material), die auf dieser Website ver\u00f6ffentlicht werden, sind Eigentum von Isla Air Express S. L. oder wurden zur ausschlie\u00dflichen Nutzung auf dieser Website lizenziert. Den Nutzern ist es untersagt, Bilder oder Videos ohne ordnungsgem\u00e4\u00dfe Angabe der Quelle zu kopieren, zu verbreiten, zu ver\u00e4ndern oder zu verwenden. [&hellip;]<\/p>\n","protected":false},"author":2,"featured_media":0,"parent":0,"menu_order":0,"comment_status":"closed","ping_status":"closed","template":"","meta":{"footnotes":""},"class_list":["post-734","page","type-page","status-publish","hentry"],"_links":{"self":[{"href":"https:\/\/www.islaair.com\/de\/wp-json\/wp\/v2\/pages\/734","targetHints":{"allow":["GET"]}}],"collection":[{"href":"https:\/\/www.islaair.com\/de\/wp-json\/wp\/v2\/pages"}],"about":[{"href":"https:\/\/www.islaair.com\/de\/wp-json\/wp\/v2\/types\/page"}],"author":[{"embeddable":true,"href":"https:\/\/www.islaair.com\/de\/wp-json\/wp\/v2\/users\/2"}],"replies":[{"embeddable":true,"href":"https:\/\/www.islaair.com\/de\/wp-json\/wp\/v2\/comments?post=734"}],"version-history":[{"count":3,"href":"https:\/\/www.islaair.com\/de\/wp-json\/wp\/v2\/pages\/734\/revisions"}],"predecessor-version":[{"id":785,"href":"https:\/\/www.islaair.com\/de\/wp-json\/wp\/v2\/pages\/734\/revisions\/785"}],"wp:attachment":[{"href":"https:\/\/www.islaair.com\/de\/wp-json\/wp\/v2\/media?parent=734"}],"curies":[{"name":"wp","href":"https:\/\/api.w.org\/{rel}","templated":true}]}}