{"id":737,"date":"2025-03-05T17:42:37","date_gmt":"2025-03-05T17:42:37","guid":{"rendered":"https:\/\/www.islaair.com\/politica-de-cookies\/"},"modified":"2025-03-07T14:44:21","modified_gmt":"2025-03-07T14:44:21","slug":"cookie-richtlinie","status":"publish","type":"page","link":"https:\/\/www.islaair.com\/de\/cookie-richtlinie\/","title":{"rendered":"Cookie-Richtlinie"},"content":{"rendered":"\t\t<div data-elementor-type=\"wp-page\" data-elementor-id=\"737\" class=\"elementor elementor-737 elementor-716\" data-elementor-post-type=\"page\">\n\t\t\t\t<div class=\"elementor-element elementor-element-4cd2120 e-flex e-con-boxed e-con e-parent\" data-id=\"4cd2120\" data-element_type=\"container\" data-settings=\"{&quot;background_background&quot;:&quot;classic&quot;}\">\n\t\t\t\t\t<div class=\"e-con-inner\">\n\t\t\t\t\t<\/div>\n\t\t\t\t<\/div>\n\t\t<div class=\"elementor-element elementor-element-1b3b8e5a e-flex e-con-boxed e-con e-parent\" data-id=\"1b3b8e5a\" data-element_type=\"container\">\n\t\t\t\t\t<div class=\"e-con-inner\">\n\t\t\t\t<div class=\"elementor-element elementor-element-6e769df7 elementor-widget elementor-widget-text-editor\" data-id=\"6e769df7\" data-element_type=\"widget\" data-widget_type=\"text-editor.default\">\n\t\t\t\t<div class=\"elementor-widget-container\">\n\t\t\t\t\t\t\t\t\t<h4 data-pm-slice=\"1 1 []\">1. Einleitung<\/h4>\n<p>Bei Isla Air verwenden wir Cookies und \u00e4hnliche Technologien, um das Benutzererlebnis zu verbessern, den Website-Verkehr zu analysieren und Inhalte zu personalisieren. Diese Richtlinie erkl\u00e4rt, was Cookies sind, wie wir sie verwenden und wie Sie sie verwalten k\u00f6nnen. <\/p>\n<h4>2. Was sind Cookies?<\/h4>\n<p>Cookies sind kleine Textdateien, die Websites beim Besuch auf Ihrem Ger\u00e4t (Computer, Tablet oder Mobiltelefon) speichern. Mithilfe dieser Cookies k\u00f6nnen sich Websites Informationen zu Ihrem Besuch merken, beispielsweise Ihre bevorzugte Sprache oder Ihre Anmeldeoptionen. <\/p>\n<h4>3. Arten von Cookies, die wir verwenden<\/h4>\n<p>Wir verwenden auf unserer Website die folgenden Arten von Cookies:<\/p>\n<ul data-spread=\"false\">\n<li><strong>Unbedingt erforderliche Cookies<\/strong>: F\u00fcr den Betrieb der Website erforderlich und k\u00f6nnen in unseren Systemen nicht deaktiviert werden.<\/li>\n<li><strong>Analyse-Cookies<\/strong>: Diese helfen uns zu verstehen, wie Benutzer mit unserer Website interagieren, indem sie anonyme Daten sammeln.<\/li>\n<li><strong>Personalisierungs-Cookies<\/strong>: Diese erm\u00f6glichen es uns, Ihre Pr\u00e4ferenzen zu speichern und Ihr Erlebnis auf der Website zu personalisieren.<\/li>\n<li><strong>Werbe-Cookies<\/strong>: Werden verwendet, um relevante Werbung basierend auf Ihren Interessen anzuzeigen.<\/li>\n<\/ul>\n<h4>4. Cookie-Verwaltung<\/h4>\n<p>Sie k\u00f6nnen Ihren Browser so einstellen, dass er alle oder einige Cookies ablehnt oder Sie benachrichtigt, wenn Websites Cookies setzen oder darauf zugreifen. Wenn Sie jedoch einige Cookies deaktivieren oder ablehnen, funktionieren Teile unserer Website m\u00f6glicherweise nicht richtig. <\/p>\n<p>Nachfolgend finden Sie Links zu Anleitungen zum Verwalten von Cookies in den wichtigsten Browsern:<\/p>\n<ul data-spread=\"false\">\n<li><a>Google Chrome<\/a><\/li>\n<li><a href=\"https:\/\/support.mozilla.org\/es\/kb\/habilitar-y-deshabilitar-cookies\">Mozilla Firefox<\/a><\/li>\n<li><a href=\"https:\/\/support.apple.com\/es-es\/guide\/safari\/sfri11471\/mac\">Safari<\/a><\/li>\n<li><a href=\"https:\/\/support.microsoft.com\/es-es\/help\/4027947\/microsoft-edge-delete-cookies\">Microsoft Edge<\/a><\/li>\n<\/ul>\n<h4>5. \u00c4nderungen der Cookie-Richtlinie<\/h4>\n<p>Wir k\u00f6nnen diese Cookie-Richtlinie jederzeit aktualisieren. Wir empfehlen Ihnen, die Website regelm\u00e4\u00dfig durchzusehen, damit Sie \u00fcber unsere Verwendung von Cookies auf dem Laufenden bleiben. <\/p>\n<h4>6. Kontakt<\/h4>\n<p>Wenn Sie Fragen zu unserer Cookie-Richtlinie haben, k\u00f6nnen Sie uns unter info@islaair.com kontaktieren.<\/p>\n\t\t\t\t\t\t\t\t<\/div>\n\t\t\t\t<\/div>\n\t\t\t\t\t<\/div>\n\t\t\t\t<\/div>\n\t\t\t\t<\/div>\n\t\t","protected":false},"excerpt":{"rendered":"<p>1. Einleitung Bei Isla Air verwenden wir Cookies und \u00e4hnliche Technologien, um das Benutzererlebnis zu verbessern, den Website-Verkehr zu analysieren und Inhalte zu personalisieren. Diese Richtlinie erkl\u00e4rt, was Cookies sind, wie wir sie verwenden und wie Sie sie verwalten k\u00f6nnen. 2. Was sind Cookies? Cookies sind kleine Textdateien, die Websites beim Besuch auf Ihrem Ger\u00e4t [&hellip;]<\/p>\n","protected":false},"author":2,"featured_media":0,"parent":0,"menu_order":0,"comment_status":"closed","ping_status":"closed","template":"","meta":{"footnotes":""},"class_list":["post-737","page","type-page","status-publish","hentry"],"_links":{"self":[{"href":"https:\/\/www.islaair.com\/de\/wp-json\/wp\/v2\/pages\/737","targetHints":{"allow":["GET"]}}],"collection":[{"href":"https:\/\/www.islaair.com\/de\/wp-json\/wp\/v2\/pages"}],"about":[{"href":"https:\/\/www.islaair.com\/de\/wp-json\/wp\/v2\/types\/page"}],"author":[{"embeddable":true,"href":"https:\/\/www.islaair.com\/de\/wp-json\/wp\/v2\/users\/2"}],"replies":[{"embeddable":true,"href":"https:\/\/www.islaair.com\/de\/wp-json\/wp\/v2\/comments?post=737"}],"version-history":[{"count":2,"href":"https:\/\/www.islaair.com\/de\/wp-json\/wp\/v2\/pages\/737\/revisions"}],"predecessor-version":[{"id":783,"href":"https:\/\/www.islaair.com\/de\/wp-json\/wp\/v2\/pages\/737\/revisions\/783"}],"wp:attachment":[{"href":"https:\/\/www.islaair.com\/de\/wp-json\/wp\/v2\/media?parent=737"}],"curies":[{"name":"wp","href":"https:\/\/api.w.org\/{rel}","templated":true}]}}