{"id":740,"date":"2025-03-05T17:33:16","date_gmt":"2025-03-05T17:33:16","guid":{"rendered":"https:\/\/www.islaair.com\/politica-de-proteccion-de-datos-personales\/"},"modified":"2025-03-07T14:44:18","modified_gmt":"2025-03-07T14:44:18","slug":"datenschutzrichtlinie","status":"publish","type":"page","link":"https:\/\/www.islaair.com\/de\/datenschutzrichtlinie\/","title":{"rendered":"Datenschutzrichtlinie"},"content":{"rendered":"\t\t<div data-elementor-type=\"wp-page\" data-elementor-id=\"740\" class=\"elementor elementor-740 elementor-689\" data-elementor-post-type=\"page\">\n\t\t\t\t<div class=\"elementor-element elementor-element-4cd2120 e-flex e-con-boxed e-con e-parent\" data-id=\"4cd2120\" data-element_type=\"container\" data-settings=\"{&quot;background_background&quot;:&quot;classic&quot;}\">\n\t\t\t\t\t<div class=\"e-con-inner\">\n\t\t\t\t\t<\/div>\n\t\t\t\t<\/div>\n\t\t<div class=\"elementor-element elementor-element-1b3b8e5a e-flex e-con-boxed e-con e-parent\" data-id=\"1b3b8e5a\" data-element_type=\"container\">\n\t\t\t\t\t<div class=\"e-con-inner\">\n\t\t\t\t<div class=\"elementor-element elementor-element-6e769df7 elementor-widget elementor-widget-text-editor\" data-id=\"6e769df7\" data-element_type=\"widget\" data-widget_type=\"text-editor.default\">\n\t\t\t\t<div class=\"elementor-widget-container\">\n\t\t\t\t\t\t\t\t\t<h4 class=\"wp-block-heading\">1. Einleitung<\/h4>\n<p>Bei Isla Air Express S.L. Wir nehmen die Privatsph\u00e4re und den Schutz der pers\u00f6nlichen Daten unserer Benutzer sehr ernst. Aus diesem Grund haben wir in \u00dcbereinstimmung mit der Verordnung (EU) 2016\/679 des Europ\u00e4ischen Parlaments und des Rates vom 27. April 2016 zum Schutz nat\u00fcrlicher Personen bei der Verarbeitung personenbezogener Daten und zum freien Datenverkehr (Datenschutz-Grundverordnung, RGPD) sowie dem Organgesetz 3\/2018 vom 5. Dezember zum Schutz personenbezogener Daten und zur Gew\u00e4hrleistung digitaler Rechte (LOPDGDD) diese Datenschutzrichtlinie entwickelt, um Sie dar\u00fcber zu informieren, wie wir mit Ihren Daten umgehen. <\/p>\n<h4 class=\"wp-block-heading\">2. Verantwortlicher<\/h4>\n<ul class=\"wp-block-list\">\n<li>Isla Air Express S. L.<\/li>\n<li>C\/ Fluvi\u00e0 1 Erdgeschoss (Gewerbegebiet Son Fuster) 07009 Palma de Mallorca \u2013 Spanien<\/li>\n<li>Email: info@islaair.com<\/li>\n<li>Zweck der Verarbeitung: Verwaltung von Informationsanfragen per E-Mail<\/li>\n<\/ul>\n<h4 class=\"wp-block-heading\">3. Von uns erfasste Daten<\/h4>\n<p>Diese Website sammelt keine pers\u00f6nlichen Daten von Benutzern, mit Ausnahme der E-Mail-Adressen, die sie freiwillig angeben, wenn sie uns kontaktieren, um Informationen anzufordern.<\/p>\n<h4 class=\"wp-block-heading\">4. Zweck und Rechtm\u00e4\u00dfigkeit der Behandlung<\/h4>\n<p>Die vom Nutzer \u00fcbermittelten personenbezogenen Daten (E-Mail) werden ausschlie\u00dflich zur Beantwortung seiner Anfragen oder Informationsanfragen verwendet.<\/p>\n<ul class=\"wp-block-list\">\n<li>Die Rechtm\u00e4\u00dfigkeit der Verarbeitung Ihrer Daten basiert auf der Einwilligung des Nutzers, die er durch die Zusendung einer Informationsanfrage per E-Mail an uns erteilt.<\/li>\n<\/ul>\n<h4 class=\"wp-block-heading\">5. Datenaufbewahrung<\/h4>\n<p>Personenbezogene Daten werden so lange gespeichert, wie es unbedingt erforderlich ist, um auf die Anfrage des Benutzers zu antworten, oder bis der Benutzer deren L\u00f6schung verlangt.<\/p>\n<h4 class=\"wp-block-heading\">6. Weitergabe von Daten an Dritte<\/h4>\n<p>Es werden keine personenbezogenen Daten an Dritte weitergegeben, es sei denn, es liegt eine gesetzliche Verpflichtung dazu vor oder es ist notwendig, um einer Anfrage des Nutzers nachzukommen.<\/p>\n<h4 class=\"wp-block-heading\">7. Rechte des Nutzers<\/h4>\n<p>Der Benutzer hat das Recht:<\/p>\n<ul class=\"wp-block-list\">\n<li>Greifen Sie auf Ihre pers\u00f6nlichen Daten zu.<\/li>\n<li>Korrigieren Sie ungenaue oder unvollst\u00e4ndige Daten.<\/li>\n<li>Fordern Sie die L\u00f6schung Ihrer Daten, wenn diese f\u00fcr den Zweck, f\u00fcr den sie erhoben wurden, nicht mehr erforderlich sind.<\/li>\n<li>Widerspruch gegen die Verarbeitung Ihrer Daten einlegen.<\/li>\n<li>Fordern Sie unter bestimmten Umst\u00e4nden die Einschr\u00e4nkung der Verarbeitung Ihrer Daten.<\/li>\n<li>Portabilit\u00e4t Ihrer Daten zu einem anderen Datenverarbeiter, sofern technisch m\u00f6glich.<\/li>\n<\/ul>\n<p>Um eines dieser Rechte auszu\u00fcben, kann der Benutzer eine E-Mail an [correo de contacto] senden und darin das Recht angeben, das er aus\u00fcben m\u00f6chte, zusammen mit einer Kopie seines Ausweisdokuments.<\/p>\n<h4 class=\"wp-block-heading\">8. Datensicherheit<\/h4>\n<p>Wir ergreifen entsprechende Sicherheitsma\u00dfnahmen, um personenbezogene Daten vor unberechtigtem Zugriff, Ver\u00e4nderung, Weitergabe oder Zerst\u00f6rung zu sch\u00fctzen.<\/p>\n<h4 class=\"wp-block-heading\">9. \u00c4nderungen der Datenschutzrichtlinie<\/h4>\n<p>Wir behalten uns das Recht vor, diese Datenschutzrichtlinie zu \u00e4ndern, um sie an neue Gesetze oder \u00c4nderungen der Website-Aktivit\u00e4t anzupassen. \u00c4nderungen werden auf dieser Seite ver\u00f6ffentlicht und bei Bedarf mitgeteilt. <\/p>\n<h4 class=\"wp-block-heading\">10. Kontakt<\/h4>\n<p>Wenn Sie Fragen zu dieser Datenschutzrichtlinie oder zur Verarbeitung Ihrer personenbezogenen Daten haben, k\u00f6nnen Sie uns unter <a href=\"mailto:info@islaair.com\">info@islaair.com<\/a> kontaktieren.<\/p>\n\t\t\t\t\t\t\t\t<\/div>\n\t\t\t\t<\/div>\n\t\t\t\t\t<\/div>\n\t\t\t\t<\/div>\n\t\t\t\t<\/div>\n\t\t","protected":false},"excerpt":{"rendered":"<p>1. Einleitung Bei Isla Air Express S.L. Wir nehmen die Privatsph\u00e4re und den Schutz der pers\u00f6nlichen Daten unserer Benutzer sehr ernst. Aus diesem Grund haben wir in \u00dcbereinstimmung mit der Verordnung (EU) 2016\/679 des Europ\u00e4ischen Parlaments und des Rates vom 27. April 2016 zum Schutz nat\u00fcrlicher Personen bei der Verarbeitung personenbezogener Daten und zum freien [&hellip;]<\/p>\n","protected":false},"author":2,"featured_media":0,"parent":0,"menu_order":0,"comment_status":"closed","ping_status":"closed","template":"","meta":{"footnotes":""},"class_list":["post-740","page","type-page","status-publish","hentry"],"_links":{"self":[{"href":"https:\/\/www.islaair.com\/de\/wp-json\/wp\/v2\/pages\/740","targetHints":{"allow":["GET"]}}],"collection":[{"href":"https:\/\/www.islaair.com\/de\/wp-json\/wp\/v2\/pages"}],"about":[{"href":"https:\/\/www.islaair.com\/de\/wp-json\/wp\/v2\/types\/page"}],"author":[{"embeddable":true,"href":"https:\/\/www.islaair.com\/de\/wp-json\/wp\/v2\/users\/2"}],"replies":[{"embeddable":true,"href":"https:\/\/www.islaair.com\/de\/wp-json\/wp\/v2\/comments?post=740"}],"version-history":[{"count":6,"href":"https:\/\/www.islaair.com\/de\/wp-json\/wp\/v2\/pages\/740\/revisions"}],"predecessor-version":[{"id":781,"href":"https:\/\/www.islaair.com\/de\/wp-json\/wp\/v2\/pages\/740\/revisions\/781"}],"wp:attachment":[{"href":"https:\/\/www.islaair.com\/de\/wp-json\/wp\/v2\/media?parent=740"}],"curies":[{"name":"wp","href":"https:\/\/api.w.org\/{rel}","templated":true}]}}